{"id":1945,"date":"2025-08-26T11:37:06","date_gmt":"2025-08-26T11:37:06","guid":{"rendered":"https:\/\/fspartners.ch\/decouvrir-nos-services\/"},"modified":"2025-11-05T15:52:08","modified_gmt":"2025-11-05T15:52:08","slug":"decouvrir-nos-services","status":"publish","type":"page","link":"https:\/\/fspartners.ch\/fr\/decouvrir-nos-services\/","title":{"rendered":"Services"},"content":{"rendered":"\t\t<div data-elementor-type=\"wp-page\" data-elementor-id=\"1945\" class=\"elementor elementor-1945 elementor-25\" data-elementor-post-type=\"page\">\n\t\t\t\t<div class=\"elementor-element elementor-element-cf54598 e-flex e-con-boxed elementor-invisible e-con e-parent\" data-id=\"cf54598\" data-element_type=\"container\" data-e-type=\"container\" data-settings=\"{&quot;animation&quot;:&quot;fadeIn&quot;}\">\n\t\t\t\t\t<div class=\"e-con-inner\">\n\t\t<div class=\"elementor-element elementor-element-18497c1 e-con-full e-flex e-con e-child\" data-id=\"18497c1\" data-element_type=\"container\" data-e-type=\"container\">\n\t\t\t\t<div class=\"elementor-element elementor-element-b4866ac elementor-widget elementor-widget-heading\" data-id=\"b4866ac\" data-element_type=\"widget\" data-e-type=\"widget\" data-widget_type=\"heading.default\">\n\t\t\t\t\t<h1 class=\"elementor-heading-title elementor-size-default\">Pourquoi le management de transition?<\/h1>\t\t\t\t<\/div>\n\t\t\t\t<div class=\"elementor-element elementor-element-c90f14c elementor-widget elementor-widget-text-editor\" data-id=\"c90f14c\" data-element_type=\"widget\" data-e-type=\"widget\" data-widget_type=\"text-editor.default\">\n\t\t\t\t\t\t\t\t\t<p>Le management de transition est une solution de performante et op\u00e9rationnelle pour accompagner les entreprises dans leurs d\u00e9fis les plus complexes. S\u00e9lectionn\u00e9 pour atteindre des objectifs pr\u00e9cis dans un cadre d\u00e9fini et limit\u00e9 dans le temps, le manager de transition \u00e9tablit un diagnostic initial puis met en \u0153uvre un plan d\u2019actions concret et efficace pour relever les d\u00e9fis sp\u00e9cifiques de l\u2019entreprise. <\/p><p>Le management de transition permet de r\u00e9pondre \u00e0 diverses situations : qu\u2019il s\u2019agisse d\u2019accompagner la transformation de l\u2019entreprise, d\u2019assurer le leadership pendant des p\u00e9riodes de changement, de maintenir les performances ou de stabiliser des organisations en crise. Dans un environnement en constante \u00e9volution, associer aux ressources internes \u00e0 l\u2019entreprise des managers de transition dot\u00e9s d\u2019une forte exp\u00e9rience permet de faire face aux priorit\u00e9s, qu\u2019elles soient strat\u00e9giques ou op\u00e9rationnelles. <\/p>\t\t\t\t\t\t\t\t<\/div>\n\t\t\t\t<\/div>\n\t\t<div class=\"elementor-element elementor-element-cea1f28 e-con-full e-flex e-con e-child\" data-id=\"cea1f28\" data-element_type=\"container\" data-e-type=\"container\">\n\t\t\t\t<div class=\"elementor-element elementor-element-b808926 elementor-widget__width-inherit elementor-absolute elementor-widget elementor-widget-image\" data-id=\"b808926\" data-element_type=\"widget\" data-e-type=\"widget\" data-settings=\"{&quot;_position&quot;:&quot;absolute&quot;}\" data-widget_type=\"image.default\">\n\t\t\t\t\t\t\t\t\t\t\t\t\t\t\t<img fetchpriority=\"high\" decoding=\"async\" width=\"800\" height=\"553\" src=\"https:\/\/fspartners.ch\/wp-content\/uploads\/2025\/08\/istock-908944934-1024x708-1.jpg\" class=\"attachment-large size-large wp-image-1944\" alt=\"\" srcset=\"https:\/\/fspartners.ch\/wp-content\/uploads\/2025\/08\/istock-908944934-1024x708-1.jpg 1024w, https:\/\/fspartners.ch\/wp-content\/uploads\/2025\/08\/istock-908944934-1024x708-1-300x207.jpg 300w, https:\/\/fspartners.ch\/wp-content\/uploads\/2025\/08\/istock-908944934-1024x708-1-768x531.jpg 768w\" sizes=\"(max-width: 800px) 100vw, 800px\" \/>\t\t\t\t\t\t\t\t\t\t\t\t\t\t\t<\/div>\n\t\t\t\t<\/div>\n\t\t\t\t\t<\/div>\n\t\t\t\t<\/div>\n\t\t<div class=\"elementor-element elementor-element-8790a50 e-grid e-con-full elementor-invisible e-con e-parent\" data-id=\"8790a50\" data-element_type=\"container\" data-e-type=\"container\" data-settings=\"{&quot;animation&quot;:&quot;fadeIn&quot;}\">\n\t\t<div class=\"elementor-element elementor-element-7c7c862 e-flex e-con-boxed elementor-invisible e-con e-child\" data-id=\"7c7c862\" data-element_type=\"container\" data-e-type=\"container\" data-settings=\"{&quot;background_background&quot;:&quot;classic&quot;,&quot;animation&quot;:&quot;fadeInLeft&quot;,&quot;animation_tablet&quot;:&quot;fadeInLeft&quot;,&quot;animation_mobile&quot;:&quot;fadeIn&quot;}\">\n\t\t\t\t\t<div class=\"e-con-inner\">\n\t\t\t\t<div class=\"elementor-element elementor-element-10c5d38 elementor-widget elementor-widget-heading\" data-id=\"10c5d38\" data-element_type=\"widget\" data-e-type=\"widget\" data-widget_type=\"heading.default\">\n\t\t\t\t\t<h2 class=\"elementor-heading-title elementor-size-default\">Management de transition ex\u00e9cutif<\/h2>\t\t\t\t<\/div>\n\t\t\t\t<div class=\"elementor-element elementor-element-10f8836 elementor-widget elementor-widget-heading\" data-id=\"10f8836\" data-element_type=\"widget\" data-e-type=\"widget\" data-widget_type=\"heading.default\">\n\t\t\t\t\t<h3 class=\"elementor-heading-title elementor-size-default\">Des dirigeants exp\u00e9riment\u00e9s pour des r\u00e9sultats durables<\/h3>\t\t\t\t<\/div>\n\t\t\t\t<div class=\"elementor-element elementor-element-3c94ba2 elementor-widget elementor-widget-text-editor\" data-id=\"3c94ba2\" data-element_type=\"widget\" data-e-type=\"widget\" data-widget_type=\"text-editor.default\">\n\t\t\t\t\t\t\t\t\t<p>Nous identifions le dirigeant de transition le plus adapt\u00e9 \u00e0 vos besoins sp\u00e9cifiques et assurons une prise de fonction efficace avec des profils orient\u00e9s action : CEO, CFO, COO, DRH ou DSI. <br>En s\u2019appuyant sur des dirigeant capables de mener des actions d\u00e9cisives et d\u2019obtenir des r\u00e9sultats \u00e0 la fois imm\u00e9diats et durables, les entreprises peuvent atteindre leurs objectifs avec succ\u00e8s. <br>Nous nous engageons \u00e0 s\u00e9lectionner les managers de transition parfaitement align\u00e9s avec la culture et les exigences de votre entreprise. <\/p>\t\t\t\t\t\t\t\t<\/div>\n\t\t\t\t\t<\/div>\n\t\t\t\t<\/div>\n\t\t<div class=\"elementor-element elementor-element-58ea3b7 e-flex e-con-boxed elementor-invisible e-con e-child\" data-id=\"58ea3b7\" data-element_type=\"container\" data-e-type=\"container\" data-settings=\"{&quot;background_background&quot;:&quot;classic&quot;,&quot;animation&quot;:&quot;fadeInRight&quot;,&quot;animation_mobile&quot;:&quot;fadeIn&quot;}\">\n\t\t\t\t\t<div class=\"e-con-inner\">\n\t\t\t\t<div class=\"elementor-element elementor-element-9138577 elementor-widget elementor-widget-heading\" data-id=\"9138577\" data-element_type=\"widget\" data-e-type=\"widget\" data-widget_type=\"heading.default\">\n\t\t\t\t\t<h2 class=\"elementor-heading-title elementor-size-default\">Services de restructuring et finance <\/h2>\t\t\t\t<\/div>\n\t\t\t\t<div class=\"elementor-element elementor-element-3ef0cfe elementor-widget elementor-widget-heading\" data-id=\"3ef0cfe\" data-element_type=\"widget\" data-e-type=\"widget\" data-widget_type=\"heading.default\">\n\t\t\t\t\t<h3 class=\"elementor-heading-title elementor-size-default\">L\u2019expertise financi\u00e8re au service de la stabilit\u00e9 et de la croissance <\/h3>\t\t\t\t<\/div>\n\t\t\t\t<div class=\"elementor-element elementor-element-6ef18b8 elementor-widget elementor-widget-text-editor\" data-id=\"6ef18b8\" data-element_type=\"widget\" data-e-type=\"widget\" data-widget_type=\"text-editor.default\">\n\t\t\t\t\t\t\t\t\t<p><span data-contrast=\"auto\">Nos CFOs et sp\u00e9cialistes de la finance accompagnent les entreprises dans des situations complexes. Nous collaborons \u00e9troitement avec les dirigeants, les investisseurs et les cr\u00e9anciers pour d\u00e9velopper des plans d\u2019action concrets, restaurer la confiance et repositionner les entreprises sur la voie du succ\u00e8s. <\/span><span data-ccp-props=\"{}\"> <\/span><\/p><p><span data-contrast=\"auto\">Qu\u2019il s\u2019agisse d\u2019am\u00e9liorer la rentabilit\u00e9, de s\u00e9curiser la tr\u00e9sorerie ou de piloter des restructurations d\u2019envergure, nous proposons des solutions pragmatiques pour stimuler la performance.<\/span><span data-ccp-props=\"{}\"> <\/span><\/p>\t\t\t\t\t\t\t\t<\/div>\n\t\t\t\t\t<\/div>\n\t\t\t\t<\/div>\n\t\t<div class=\"elementor-element elementor-element-4069de6 e-flex e-con-boxed elementor-invisible e-con e-child\" data-id=\"4069de6\" data-element_type=\"container\" data-e-type=\"container\" data-settings=\"{&quot;background_background&quot;:&quot;classic&quot;,&quot;animation&quot;:&quot;fadeInLeft&quot;,&quot;animation_mobile&quot;:&quot;fadeIn&quot;}\">\n\t\t\t\t\t<div class=\"e-con-inner\">\n\t\t\t\t<div class=\"elementor-element elementor-element-2cccf4f elementor-widget elementor-widget-heading\" data-id=\"2cccf4f\" data-element_type=\"widget\" data-e-type=\"widget\" data-widget_type=\"heading.default\">\n\t\t\t\t\t<h2 class=\"elementor-heading-title elementor-size-default\">Programmes, Projets &amp; Conseil<\/h2>\t\t\t\t<\/div>\n\t\t\t\t<div class=\"elementor-element elementor-element-9e1011e elementor-widget elementor-widget-heading\" data-id=\"9e1011e\" data-element_type=\"widget\" data-e-type=\"widget\" data-widget_type=\"heading.default\">\n\t\t\t\t\t<h3 class=\"elementor-heading-title elementor-size-default\">Des experts pour les projets complexes et les transformations <\/h3>\t\t\t\t<\/div>\n\t\t\t\t<div class=\"elementor-element elementor-element-c2da6ae elementor-widget elementor-widget-text-editor\" data-id=\"c2da6ae\" data-element_type=\"widget\" data-e-type=\"widget\" data-widget_type=\"text-editor.default\">\n\t\t\t\t\t\t\t\t\t<p><span data-contrast=\"auto\">Les entreprises entreprennent fr\u00e9quemment des initiatives strat\u00e9giques et complexes impliquant plusieurs fonctions, disciplines et parfois diff\u00e9rentes zones g\u00e9ographiques. Il s\u2019agit souvent de programmes ou de projets, tels que des transformations digitales et IT de grande envergure, des int\u00e9grations post-acquisition, des programmes de r\u00e9duction des co\u00fbts ou encore des transformations organisationnelles.  <\/span><span data-ccp-props=\"{}\"> <\/span><\/p><p><span data-contrast=\"auto\">Nous combinons expertise projet et conseil avec un solide savoir-faire en finance et restructuration pour fournir des solutions pragmatiques. Objectif : assurer la stabilit\u00e9 \u00e0 court terme tout en posant les bases d\u2019une transformation durable, toujours adapt\u00e9e \u00e0 la culture et aux besoins sp\u00e9cifiques de votre entreprise. <\/span><span data-ccp-props=\"{}\"> <\/span><\/p>\t\t\t\t\t\t\t\t<\/div>\n\t\t\t\t\t<\/div>\n\t\t\t\t<\/div>\n\t\t<div class=\"elementor-element elementor-element-8aef2f8 e-flex e-con-boxed elementor-invisible e-con e-child\" data-id=\"8aef2f8\" data-element_type=\"container\" data-e-type=\"container\" data-settings=\"{&quot;background_background&quot;:&quot;classic&quot;,&quot;animation&quot;:&quot;fadeInRight&quot;,&quot;animation_mobile&quot;:&quot;fadeIn&quot;}\">\n\t\t\t\t\t<div class=\"e-con-inner\">\n\t\t\t\t<div class=\"elementor-element elementor-element-1c486e3 elementor-widget elementor-widget-heading\" data-id=\"1c486e3\" data-element_type=\"widget\" data-e-type=\"widget\" data-widget_type=\"heading.default\">\n\t\t\t\t\t<h2 class=\"elementor-heading-title elementor-size-default\">Services \u00e0 temps partag\u00e9 &amp; \u00e0 la demande<\/h2>\t\t\t\t<\/div>\n\t\t\t\t<div class=\"elementor-element elementor-element-52ac5d8 elementor-widget elementor-widget-heading\" data-id=\"52ac5d8\" data-element_type=\"widget\" data-e-type=\"widget\" data-widget_type=\"heading.default\">\n\t\t\t\t\t<h3 class=\"elementor-heading-title elementor-size-default\">Un leadership flexible pour un succ\u00e8s durable<\/h3>\t\t\t\t<\/div>\n\t\t\t\t<div class=\"elementor-element elementor-element-90afebb elementor-widget elementor-widget-text-editor\" data-id=\"90afebb\" data-element_type=\"widget\" data-e-type=\"widget\" data-widget_type=\"text-editor.default\">\n\t\t\t\t\t\t\t\t\t<p>Les start-ups et scale-ups n\u2019ont pas toujours les moyens d\u2019int\u00e9grer un dirigeant exp\u00e9riment\u00e9 \u00e0 temps plein.\nSo gewinnen junge Unternehmen Stabilit\u00e4t, Struktur und strategische Klarheit.\nGleichzeitig werden Gr\u00fcnderinnen und Gr\u00fcnder entlastet \u2013 damit sie sich auf Wachstum und Innovation konzentrieren k\u00f6nnen.   <\/p>\t\t\t\t\t\t\t\t<\/div>\n\t\t\t\t\t<\/div>\n\t\t\t\t<\/div>\n\t\t\t\t<\/div>\n\t\t<div class=\"elementor-element elementor-element-7c61a65 elementor-hidden-desktop elementor-hidden-tablet elementor-hidden-mobile e-flex e-con-boxed elementor-invisible e-con e-parent\" data-id=\"7c61a65\" data-element_type=\"container\" data-e-type=\"container\" data-settings=\"{&quot;animation&quot;:&quot;fadeIn&quot;}\">\n\t\t\t\t\t<div class=\"e-con-inner\">\n\t\t\t\t<div class=\"elementor-element elementor-element-ea1a1a8 elementor-widget__width-inherit elementor-widget elementor-widget-heading\" data-id=\"ea1a1a8\" data-element_type=\"widget\" data-e-type=\"widget\" data-widget_type=\"heading.default\">\n\t\t\t\t\t<h2 class=\"elementor-heading-title elementor-size-default\">Our<br>success stories<\/h2>\t\t\t\t<\/div>\n\t\t\t\t<div class=\"elementor-element elementor-element-956793a elementor-pagination-type-bullets elementor-arrows-position-inside elementor-pagination-position-outside elementor-widget elementor-widget-loop-carousel\" data-id=\"956793a\" data-element_type=\"widget\" data-e-type=\"widget\" data-settings=\"{&quot;template_id&quot;:339,&quot;slides_to_show&quot;:&quot;2&quot;,&quot;image_spacing_custom&quot;:{&quot;unit&quot;:&quot;px&quot;,&quot;size&quot;:52,&quot;sizes&quot;:[]},&quot;image_spacing_custom_tablet&quot;:{&quot;unit&quot;:&quot;px&quot;,&quot;size&quot;:40,&quot;sizes&quot;:[]},&quot;slides_to_show_tablet&quot;:&quot;1&quot;,&quot;_skin&quot;:&quot;post&quot;,&quot;slides_to_show_mobile&quot;:&quot;1&quot;,&quot;slides_to_scroll&quot;:&quot;1&quot;,&quot;edit_handle_selector&quot;:&quot;.elementor-loop-container&quot;,&quot;speed&quot;:500,&quot;arrows&quot;:&quot;yes&quot;,&quot;pagination&quot;:&quot;bullets&quot;,&quot;image_spacing_custom_mobile&quot;:{&quot;unit&quot;:&quot;px&quot;,&quot;size&quot;:&quot;&quot;,&quot;sizes&quot;:[]}}\" data-widget_type=\"loop-carousel.post\">\n\t\t\t\t\t\t\t<div class=\"e-loop-nothing-found-message\">\n\t\t<\/div>\n\t\t\t\t\t\t<\/div>\n\t\t\t\t\t<\/div>\n\t\t\t\t<\/div>\n\t\t\t\t<\/div>\n\t\t","protected":false},"excerpt":{"rendered":"<p>Pourquoi le management de transition? Le management de transition est une solution de performante et op\u00e9rationnelle pour accompagner les entreprises dans leurs d\u00e9fis les plus complexes. S\u00e9lectionn\u00e9 pour atteindre des objectifs pr\u00e9cis dans un cadre d\u00e9fini et limit\u00e9 dans le temps, le manager de transition \u00e9tablit un diagnostic initial puis met en \u0153uvre un plan [&hellip;]<\/p>\n","protected":false},"author":1,"featured_media":0,"parent":0,"menu_order":0,"comment_status":"closed","ping_status":"closed","template":"","meta":{"_acf_changed":false,"footnotes":""},"class_list":["post-1945","page","type-page","status-publish","hentry"],"acf":[],"yoast_head":"<!-- This site is optimized with the Yoast SEO plugin v27.2 - https:\/\/yoast.com\/product\/yoast-seo-wordpress\/ -->\n<title>Services | FS Partners<\/title>\n<meta name=\"description\" content=\"FS Partners offers interim management: CEOs, CFOs, COOs, and experts for successful corporate projects.\" \/>\n<meta name=\"robots\" content=\"index, follow, max-snippet:-1, max-image-preview:large, max-video-preview:-1\" \/>\n<link rel=\"canonical\" href=\"https:\/\/fspartners.ch\/fr\/decouvrir-nos-services\/\" \/>\n<meta property=\"og:locale\" content=\"fr_FR\" \/>\n<meta property=\"og:type\" content=\"article\" \/>\n<meta property=\"og:title\" content=\"Services | FS Partners\" \/>\n<meta property=\"og:description\" content=\"FS Partners offers interim management: CEOs, CFOs, COOs, and experts for successful corporate projects.\" \/>\n<meta property=\"og:url\" content=\"https:\/\/fspartners.ch\/fr\/decouvrir-nos-services\/\" \/>\n<meta property=\"og:site_name\" content=\"FS Partners\" \/>\n<meta property=\"article:modified_time\" content=\"2025-11-05T15:52:08+00:00\" \/>\n<meta property=\"og:image\" content=\"https:\/\/fspartners.ch\/wp-content\/uploads\/2025\/08\/istock-908944934-1024x708-1.jpg\" \/>\n\t<meta property=\"og:image:width\" content=\"1024\" \/>\n\t<meta property=\"og:image:height\" content=\"708\" \/>\n\t<meta property=\"og:image:type\" content=\"image\/jpeg\" \/>\n<meta name=\"twitter:card\" content=\"summary_large_image\" \/>\n<meta name=\"twitter:label1\" content=\"Dur\u00e9e de lecture estim\u00e9e\" \/>\n\t<meta name=\"twitter:data1\" content=\"3 minutes\" \/>\n<script type=\"application\/ld+json\" class=\"yoast-schema-graph\">{\"@context\":\"https:\/\/schema.org\",\"@graph\":[{\"@type\":\"WebPage\",\"@id\":\"https:\/\/fspartners.ch\/fr\/decouvrir-nos-services\/\",\"url\":\"https:\/\/fspartners.ch\/fr\/decouvrir-nos-services\/\",\"name\":\"Services | FS Partners\",\"isPartOf\":{\"@id\":\"https:\/\/fspartners.ch\/fr\/#website\"},\"primaryImageOfPage\":{\"@id\":\"https:\/\/fspartners.ch\/fr\/decouvrir-nos-services\/#primaryimage\"},\"image\":{\"@id\":\"https:\/\/fspartners.ch\/fr\/decouvrir-nos-services\/#primaryimage\"},\"thumbnailUrl\":\"https:\/\/fspartners.ch\/wp-content\/uploads\/2025\/08\/istock-908944934-1024x708-1.jpg\",\"datePublished\":\"2025-08-26T11:37:06+00:00\",\"dateModified\":\"2025-11-05T15:52:08+00:00\",\"description\":\"FS Partners offers interim management: CEOs, CFOs, COOs, and experts for successful corporate projects.\",\"breadcrumb\":{\"@id\":\"https:\/\/fspartners.ch\/fr\/decouvrir-nos-services\/#breadcrumb\"},\"inLanguage\":\"fr-FR\",\"potentialAction\":[{\"@type\":\"ReadAction\",\"target\":[\"https:\/\/fspartners.ch\/fr\/decouvrir-nos-services\/\"]}]},{\"@type\":\"ImageObject\",\"inLanguage\":\"fr-FR\",\"@id\":\"https:\/\/fspartners.ch\/fr\/decouvrir-nos-services\/#primaryimage\",\"url\":\"https:\/\/fspartners.ch\/wp-content\/uploads\/2025\/08\/istock-908944934-1024x708-1.jpg\",\"contentUrl\":\"https:\/\/fspartners.ch\/wp-content\/uploads\/2025\/08\/istock-908944934-1024x708-1.jpg\"},{\"@type\":\"BreadcrumbList\",\"@id\":\"https:\/\/fspartners.ch\/fr\/decouvrir-nos-services\/#breadcrumb\",\"itemListElement\":[{\"@type\":\"ListItem\",\"position\":1,\"name\":\"Startseite\",\"item\":\"https:\/\/fspartners.ch\/fr\/home\/\"},{\"@type\":\"ListItem\",\"position\":2,\"name\":\"Services\"}]},{\"@type\":\"WebSite\",\"@id\":\"https:\/\/fspartners.ch\/fr\/#website\",\"url\":\"https:\/\/fspartners.ch\/fr\/\",\"name\":\"FS Partners\",\"description\":\"\",\"publisher\":{\"@id\":\"https:\/\/fspartners.ch\/fr\/#organization\"},\"potentialAction\":[{\"@type\":\"SearchAction\",\"target\":{\"@type\":\"EntryPoint\",\"urlTemplate\":\"https:\/\/fspartners.ch\/fr\/?s={search_term_string}\"},\"query-input\":{\"@type\":\"PropertyValueSpecification\",\"valueRequired\":true,\"valueName\":\"search_term_string\"}}],\"inLanguage\":\"fr-FR\"},{\"@type\":\"Organization\",\"@id\":\"https:\/\/fspartners.ch\/fr\/#organization\",\"name\":\"FS Partners\",\"url\":\"https:\/\/fspartners.ch\/fr\/\",\"logo\":{\"@type\":\"ImageObject\",\"inLanguage\":\"fr-FR\",\"@id\":\"https:\/\/fspartners.ch\/fr\/#\/schema\/logo\/image\/\",\"url\":\"https:\/\/fspartners.ch\/wp-content\/uploads\/2025\/09\/FSP_Valtus_Logo_quer_blue_RGB-scaled.png\",\"contentUrl\":\"https:\/\/fspartners.ch\/wp-content\/uploads\/2025\/09\/FSP_Valtus_Logo_quer_blue_RGB-scaled.png\",\"width\":2560,\"height\":697,\"caption\":\"FS Partners\"},\"image\":{\"@id\":\"https:\/\/fspartners.ch\/fr\/#\/schema\/logo\/image\/\"},\"sameAs\":[\"https:\/\/www.linkedin.com\/company\/fs-partners-ag\"]}]}<\/script>\n<!-- \/ Yoast SEO plugin. -->","yoast_head_json":{"title":"Services | FS Partners","description":"FS Partners offers interim management: CEOs, CFOs, COOs, and experts for successful corporate projects.","robots":{"index":"index","follow":"follow","max-snippet":"max-snippet:-1","max-image-preview":"max-image-preview:large","max-video-preview":"max-video-preview:-1"},"canonical":"https:\/\/fspartners.ch\/fr\/decouvrir-nos-services\/","og_locale":"fr_FR","og_type":"article","og_title":"Services | FS Partners","og_description":"FS Partners offers interim management: CEOs, CFOs, COOs, and experts for successful corporate projects.","og_url":"https:\/\/fspartners.ch\/fr\/decouvrir-nos-services\/","og_site_name":"FS Partners","article_modified_time":"2025-11-05T15:52:08+00:00","og_image":[{"width":1024,"height":708,"url":"https:\/\/fspartners.ch\/wp-content\/uploads\/2025\/08\/istock-908944934-1024x708-1.jpg","type":"image\/jpeg"}],"twitter_card":"summary_large_image","twitter_misc":{"Dur\u00e9e de lecture estim\u00e9e":"3 minutes"},"schema":{"@context":"https:\/\/schema.org","@graph":[{"@type":"WebPage","@id":"https:\/\/fspartners.ch\/fr\/decouvrir-nos-services\/","url":"https:\/\/fspartners.ch\/fr\/decouvrir-nos-services\/","name":"Services | FS Partners","isPartOf":{"@id":"https:\/\/fspartners.ch\/fr\/#website"},"primaryImageOfPage":{"@id":"https:\/\/fspartners.ch\/fr\/decouvrir-nos-services\/#primaryimage"},"image":{"@id":"https:\/\/fspartners.ch\/fr\/decouvrir-nos-services\/#primaryimage"},"thumbnailUrl":"https:\/\/fspartners.ch\/wp-content\/uploads\/2025\/08\/istock-908944934-1024x708-1.jpg","datePublished":"2025-08-26T11:37:06+00:00","dateModified":"2025-11-05T15:52:08+00:00","description":"FS Partners offers interim management: CEOs, CFOs, COOs, and experts for successful corporate projects.","breadcrumb":{"@id":"https:\/\/fspartners.ch\/fr\/decouvrir-nos-services\/#breadcrumb"},"inLanguage":"fr-FR","potentialAction":[{"@type":"ReadAction","target":["https:\/\/fspartners.ch\/fr\/decouvrir-nos-services\/"]}]},{"@type":"ImageObject","inLanguage":"fr-FR","@id":"https:\/\/fspartners.ch\/fr\/decouvrir-nos-services\/#primaryimage","url":"https:\/\/fspartners.ch\/wp-content\/uploads\/2025\/08\/istock-908944934-1024x708-1.jpg","contentUrl":"https:\/\/fspartners.ch\/wp-content\/uploads\/2025\/08\/istock-908944934-1024x708-1.jpg"},{"@type":"BreadcrumbList","@id":"https:\/\/fspartners.ch\/fr\/decouvrir-nos-services\/#breadcrumb","itemListElement":[{"@type":"ListItem","position":1,"name":"Startseite","item":"https:\/\/fspartners.ch\/fr\/home\/"},{"@type":"ListItem","position":2,"name":"Services"}]},{"@type":"WebSite","@id":"https:\/\/fspartners.ch\/fr\/#website","url":"https:\/\/fspartners.ch\/fr\/","name":"FS Partners","description":"","publisher":{"@id":"https:\/\/fspartners.ch\/fr\/#organization"},"potentialAction":[{"@type":"SearchAction","target":{"@type":"EntryPoint","urlTemplate":"https:\/\/fspartners.ch\/fr\/?s={search_term_string}"},"query-input":{"@type":"PropertyValueSpecification","valueRequired":true,"valueName":"search_term_string"}}],"inLanguage":"fr-FR"},{"@type":"Organization","@id":"https:\/\/fspartners.ch\/fr\/#organization","name":"FS Partners","url":"https:\/\/fspartners.ch\/fr\/","logo":{"@type":"ImageObject","inLanguage":"fr-FR","@id":"https:\/\/fspartners.ch\/fr\/#\/schema\/logo\/image\/","url":"https:\/\/fspartners.ch\/wp-content\/uploads\/2025\/09\/FSP_Valtus_Logo_quer_blue_RGB-scaled.png","contentUrl":"https:\/\/fspartners.ch\/wp-content\/uploads\/2025\/09\/FSP_Valtus_Logo_quer_blue_RGB-scaled.png","width":2560,"height":697,"caption":"FS Partners"},"image":{"@id":"https:\/\/fspartners.ch\/fr\/#\/schema\/logo\/image\/"},"sameAs":["https:\/\/www.linkedin.com\/company\/fs-partners-ag"]}]}},"_links":{"self":[{"href":"https:\/\/fspartners.ch\/fr\/wp-json\/wp\/v2\/pages\/1945","targetHints":{"allow":["GET"]}}],"collection":[{"href":"https:\/\/fspartners.ch\/fr\/wp-json\/wp\/v2\/pages"}],"about":[{"href":"https:\/\/fspartners.ch\/fr\/wp-json\/wp\/v2\/types\/page"}],"author":[{"embeddable":true,"href":"https:\/\/fspartners.ch\/fr\/wp-json\/wp\/v2\/users\/1"}],"replies":[{"embeddable":true,"href":"https:\/\/fspartners.ch\/fr\/wp-json\/wp\/v2\/comments?post=1945"}],"version-history":[{"count":3,"href":"https:\/\/fspartners.ch\/fr\/wp-json\/wp\/v2\/pages\/1945\/revisions"}],"predecessor-version":[{"id":1948,"href":"https:\/\/fspartners.ch\/fr\/wp-json\/wp\/v2\/pages\/1945\/revisions\/1948"}],"wp:attachment":[{"href":"https:\/\/fspartners.ch\/fr\/wp-json\/wp\/v2\/media?parent=1945"}],"curies":[{"name":"wp","href":"https:\/\/api.w.org\/{rel}","templated":true}]}}