{"id":1952,"date":"2025-08-26T11:37:24","date_gmt":"2025-08-26T11:37:24","guid":{"rendered":"https:\/\/fspartners.ch\/a-propos\/"},"modified":"2025-11-18T16:00:54","modified_gmt":"2025-11-18T16:00:54","slug":"a-propos","status":"publish","type":"page","link":"https:\/\/fspartners.ch\/fr\/a-propos\/","title":{"rendered":"A Propos"},"content":{"rendered":"\t\t<div data-elementor-type=\"wp-page\" data-elementor-id=\"1952\" class=\"elementor elementor-1952 elementor-27\" data-elementor-post-type=\"page\">\n\t\t\t\t<div class=\"elementor-element elementor-element-eeb609c e-flex e-con-boxed elementor-invisible e-con e-parent\" data-id=\"eeb609c\" data-element_type=\"container\" data-e-type=\"container\" data-settings=\"{&quot;animation&quot;:&quot;fadeIn&quot;}\">\n\t\t\t\t\t<div class=\"e-con-inner\">\n\t\t<div class=\"elementor-element elementor-element-3ea175e e-con-full e-flex e-con e-child\" data-id=\"3ea175e\" data-element_type=\"container\" data-e-type=\"container\">\n\t\t\t\t<div class=\"elementor-element elementor-element-8e3bd2b elementor-widget elementor-widget-heading\" data-id=\"8e3bd2b\" data-element_type=\"widget\" data-e-type=\"widget\" data-widget_type=\"heading.default\">\n\t\t\t\t\t<h1 class=\"elementor-heading-title elementor-size-default\">Le cabinet de r\u00e9f\u00e9rence en finance et en management de transition<\/h1>\t\t\t\t<\/div>\n\t\t\t\t<div class=\"elementor-element elementor-element-826a566 elementor-widget elementor-widget-text-editor\" data-id=\"826a566\" data-element_type=\"widget\" data-e-type=\"widget\" data-widget_type=\"text-editor.default\">\n\t\t\t\t\t\t\t\t\t<p>Depuis 2009, FS Partners s\u2019est impos\u00e9 comme le cabinet de r\u00e9f\u00e9rence en Suisse dans le management de transition appliqu\u00e9 aux fonctions financi\u00e8res. <br>En plus de 15 ans, nous avons construit une r\u00e9putation solide fond\u00e9e sur : une expertise pointue des missions de CFO et des fonctions financi\u00e8res, l\u2019accompagnement personnalis\u00e9 d\u2019une \u00e9quipe centrale exp\u00e9riment\u00e9e, des solutions sur mesure adapt\u00e9es \u00e0 chaque contexte. <br> <br>Notre exp\u00e9rience parle d\u2019elle-m\u00eame : plus de 550 missions men\u00e9es avec succ\u00e8s, plus de 450 clients satisfaits, et un r\u00e9seau de professionnels de la finance en constante expansion.  <\/p>\t\t\t\t\t\t\t\t<\/div>\n\t\t\t\t<\/div>\n\t\t<div class=\"elementor-element elementor-element-da9953a e-con-full e-flex e-con e-child\" data-id=\"da9953a\" data-element_type=\"container\" data-e-type=\"container\">\n\t\t\t\t<div class=\"elementor-element elementor-element-5dafda0 elementor-widget__width-inherit elementor-absolute elementor-widget elementor-widget-image\" data-id=\"5dafda0\" data-element_type=\"widget\" data-e-type=\"widget\" data-settings=\"{&quot;_position&quot;:&quot;absolute&quot;}\" data-widget_type=\"image.default\">\n\t\t\t\t\t\t\t\t\t\t\t\t\t\t\t<img fetchpriority=\"high\" decoding=\"async\" width=\"800\" height=\"534\" src=\"https:\/\/fspartners.ch\/wp-content\/uploads\/2025\/09\/DEF24_0029-1024x683.jpg\" class=\"attachment-large size-large wp-image-1949\" alt=\"\" srcset=\"https:\/\/fspartners.ch\/wp-content\/uploads\/2025\/09\/DEF24_0029-1024x683.jpg 1024w, https:\/\/fspartners.ch\/wp-content\/uploads\/2025\/09\/DEF24_0029-300x200.jpg 300w, https:\/\/fspartners.ch\/wp-content\/uploads\/2025\/09\/DEF24_0029-768x512.jpg 768w, https:\/\/fspartners.ch\/wp-content\/uploads\/2025\/09\/DEF24_0029-1536x1024.jpg 1536w, https:\/\/fspartners.ch\/wp-content\/uploads\/2025\/09\/DEF24_0029-2048x1365.jpg 2048w\" sizes=\"(max-width: 800px) 100vw, 800px\" \/>\t\t\t\t\t\t\t\t\t\t\t\t\t\t\t<\/div>\n\t\t\t\t<\/div>\n\t\t\t\t\t<\/div>\n\t\t\t\t<\/div>\n\t\t<div class=\"elementor-element elementor-element-ce24b80 e-flex e-con-boxed elementor-invisible e-con e-parent\" data-id=\"ce24b80\" data-element_type=\"container\" data-e-type=\"container\" data-settings=\"{&quot;animation&quot;:&quot;fadeIn&quot;}\">\n\t\t\t\t\t<div class=\"e-con-inner\">\n\t\t<div class=\"elementor-element elementor-element-c4400b7 e-con-full e-flex elementor-invisible e-con e-child\" data-id=\"c4400b7\" data-element_type=\"container\" data-e-type=\"container\" data-settings=\"{&quot;background_background&quot;:&quot;classic&quot;,&quot;animation&quot;:&quot;fadeInLeft&quot;,&quot;animation_mobile&quot;:&quot;fadeIn&quot;}\">\n\t\t\t\t<div class=\"elementor-element elementor-element-e24ad98 elementor-widget elementor-widget-image\" data-id=\"e24ad98\" data-element_type=\"widget\" data-e-type=\"widget\" data-widget_type=\"image.default\">\n\t\t\t\t\t\t\t\t\t\t\t\t\t\t\t<img decoding=\"async\" width=\"800\" height=\"197\" src=\"https:\/\/fspartners.ch\/wp-content\/uploads\/2025\/11\/FSP_Valtus_Logo_quer_bleu_RGB-1024x252.png\" class=\"attachment-large size-large wp-image-2256\" alt=\"\" \/>\t\t\t\t\t\t\t\t\t\t\t\t\t\t\t<\/div>\n\t\t<div class=\"elementor-element elementor-element-9389eee e-con-full e-flex e-con e-child\" data-id=\"9389eee\" data-element_type=\"container\" data-e-type=\"container\">\n\t\t\t\t<div class=\"elementor-element elementor-element-4ecf983 elementor-widget elementor-widget-heading\" data-id=\"4ecf983\" data-element_type=\"widget\" data-e-type=\"widget\" data-widget_type=\"heading.default\">\n\t\t\t\t\t<h2 class=\"elementor-heading-title elementor-size-default\">CFO Experts<\/h2>\t\t\t\t<\/div>\n\t\t\t\t<div class=\"elementor-element elementor-element-d820dad elementor-widget elementor-widget-text-editor\" data-id=\"d820dad\" data-element_type=\"widget\" data-e-type=\"widget\" data-widget_type=\"text-editor.default\">\n\t\t\t\t\t\t\t\t\t<p>Projets financiers complexes, d\u00e9fis exceptionnels, initiatives d\u2019innovation : nous prenons en charge vos projets financiers clairement d\u00e9finis, avec flexibilit\u00e9 et efficacit\u00e9. <\/p>\t\t\t\t\t\t\t\t<\/div>\n\t\t\t\t<div class=\"elementor-element elementor-element-77d70e5 elementor-widget elementor-widget-button\" data-id=\"77d70e5\" data-element_type=\"widget\" data-e-type=\"widget\" data-widget_type=\"button.default\">\n\t\t\t\t\t\t\t\t\t\t<a class=\"elementor-button elementor-button-link elementor-size-sm\" href=\"https:\/\/fspartners.ch\/fr\/les-experts-cfo\/\">\n\t\t\t\t\t\t<span class=\"elementor-button-content-wrapper\">\n\t\t\t\t\t\t\t\t\t<span class=\"elementor-button-text\">En savoir plus<\/span>\n\t\t\t\t\t<\/span>\n\t\t\t\t\t<\/a>\n\t\t\t\t\t\t\t\t<\/div>\n\t\t\t\t<\/div>\n\t\t\t\t<\/div>\n\t\t<div class=\"elementor-element elementor-element-2ba143e e-con-full e-flex elementor-invisible e-con e-child\" data-id=\"2ba143e\" data-element_type=\"container\" data-e-type=\"container\" data-settings=\"{&quot;background_background&quot;:&quot;classic&quot;,&quot;animation&quot;:&quot;fadeInRight&quot;,&quot;animation_mobile&quot;:&quot;fadeIn&quot;}\">\n\t\t\t\t<div class=\"elementor-element elementor-element-141b200 elementor-widget elementor-widget-image\" data-id=\"141b200\" data-element_type=\"widget\" data-e-type=\"widget\" data-widget_type=\"image.default\">\n\t\t\t\t\t\t\t\t\t\t\t\t\t\t\t<img decoding=\"async\" width=\"800\" height=\"197\" src=\"https:\/\/fspartners.ch\/wp-content\/uploads\/2025\/08\/SCUD_Valtus_Logo_quer_violett_RGB-1024x252.png\" class=\"attachment-large size-large wp-image-1951\" alt=\"\" srcset=\"https:\/\/fspartners.ch\/wp-content\/uploads\/2025\/08\/SCUD_Valtus_Logo_quer_violett_RGB-1024x252.png 1024w, https:\/\/fspartners.ch\/wp-content\/uploads\/2025\/08\/SCUD_Valtus_Logo_quer_violett_RGB-300x74.png 300w, https:\/\/fspartners.ch\/wp-content\/uploads\/2025\/08\/SCUD_Valtus_Logo_quer_violett_RGB-768x189.png 768w, https:\/\/fspartners.ch\/wp-content\/uploads\/2025\/08\/SCUD_Valtus_Logo_quer_violett_RGB-1536x378.png 1536w, https:\/\/fspartners.ch\/wp-content\/uploads\/2025\/08\/SCUD_Valtus_Logo_quer_violett_RGB-2048x504.png 2048w\" sizes=\"(max-width: 800px) 100vw, 800px\" \/>\t\t\t\t\t\t\t\t\t\t\t\t\t\t\t<\/div>\n\t\t<div class=\"elementor-element elementor-element-1bb6884 e-con-full e-flex e-con e-child\" data-id=\"1bb6884\" data-element_type=\"container\" data-e-type=\"container\">\n\t\t\t\t<div class=\"elementor-element elementor-element-0e06160 elementor-widget elementor-widget-heading\" data-id=\"0e06160\" data-element_type=\"widget\" data-e-type=\"widget\" data-widget_type=\"heading.default\">\n\t\t\t\t\t<h2 class=\"elementor-heading-title elementor-size-default\">Scaleup Experts<\/h2>\t\t\t\t<\/div>\n\t\t\t\t<div class=\"elementor-element elementor-element-d84cbf9 elementor-widget elementor-widget-text-editor\" data-id=\"d84cbf9\" data-element_type=\"widget\" data-e-type=\"widget\" data-widget_type=\"text-editor.default\">\n\t\t\t\t\t\t\t\t\t<p>Outils de pilotage financier, strat\u00e9gies de croissance, lev\u00e9es de fonds : nous accompagnons les start-ups et scale-ups avec un soutien sur mesure, en mettant \u00e0 leur disposition toute l\u2019expertise financi\u00e8re n\u00e9cessaire. Un accompagnement d\u2019entrepreneur \u00e0 entrepreneur, sur un pied d\u2019\u00e9galit\u00e9. <\/p>\t\t\t\t\t\t\t\t<\/div>\n\t\t\t\t<div class=\"elementor-element elementor-element-5a57651 elementor-widget elementor-widget-button\" data-id=\"5a57651\" data-element_type=\"widget\" data-e-type=\"widget\" data-widget_type=\"button.default\">\n\t\t\t\t\t\t\t\t\t\t<a class=\"elementor-button elementor-button-link elementor-size-sm\" href=\"https:\/\/fspartners.ch\/fr\/le-scaleup-desk\/\">\n\t\t\t\t\t\t<span class=\"elementor-button-content-wrapper\">\n\t\t\t\t\t\t\t\t\t<span class=\"elementor-button-text\">En savoir plus<\/span>\n\t\t\t\t\t<\/span>\n\t\t\t\t\t<\/a>\n\t\t\t\t\t\t\t\t<\/div>\n\t\t\t\t<\/div>\n\t\t\t\t<\/div>\n\t\t\t\t\t<\/div>\n\t\t\t\t<\/div>\n\t\t\t\t<\/div>\n\t\t","protected":false},"excerpt":{"rendered":"<p>Le cabinet de r\u00e9f\u00e9rence en finance et en management de transition Depuis 2009, FS Partners s\u2019est impos\u00e9 comme le cabinet de r\u00e9f\u00e9rence en Suisse dans le management de transition appliqu\u00e9 aux fonctions financi\u00e8res. En plus de 15 ans, nous avons construit une r\u00e9putation solide fond\u00e9e sur : une expertise pointue des missions de CFO et [&hellip;]<\/p>\n","protected":false},"author":1,"featured_media":0,"parent":0,"menu_order":0,"comment_status":"closed","ping_status":"closed","template":"","meta":{"_acf_changed":false,"footnotes":""},"class_list":["post-1952","page","type-page","status-publish","hentry"],"acf":[],"yoast_head":"<!-- This site is optimized with the Yoast SEO plugin v27.2 - https:\/\/yoast.com\/product\/yoast-seo-wordpress\/ -->\n<title>A Propos | FS Partners<\/title>\n<meta name=\"description\" content=\"FS Partners \u2013 Swiss boutique for finance and interim management with CFO expertise and tailor-made solutions.\" \/>\n<meta name=\"robots\" content=\"index, follow, max-snippet:-1, max-image-preview:large, max-video-preview:-1\" \/>\n<link rel=\"canonical\" href=\"https:\/\/fspartners.ch\/fr\/a-propos\/\" \/>\n<meta property=\"og:locale\" content=\"fr_FR\" \/>\n<meta property=\"og:type\" content=\"article\" \/>\n<meta property=\"og:title\" content=\"A Propos | FS Partners\" \/>\n<meta property=\"og:description\" content=\"FS Partners \u2013 Swiss boutique for finance and interim management with CFO expertise and tailor-made solutions.\" \/>\n<meta property=\"og:url\" content=\"https:\/\/fspartners.ch\/fr\/a-propos\/\" \/>\n<meta property=\"og:site_name\" content=\"FS Partners\" \/>\n<meta property=\"article:modified_time\" content=\"2025-11-18T16:00:54+00:00\" \/>\n<meta property=\"og:image\" content=\"https:\/\/fspartners.ch\/wp-content\/uploads\/2025\/09\/DEF24_0029-scaled.jpg\" \/>\n\t<meta property=\"og:image:width\" content=\"2560\" \/>\n\t<meta property=\"og:image:height\" content=\"1706\" \/>\n\t<meta property=\"og:image:type\" content=\"image\/jpeg\" \/>\n<meta name=\"twitter:card\" content=\"summary_large_image\" \/>\n<meta name=\"twitter:label1\" content=\"Dur\u00e9e de lecture estim\u00e9e\" \/>\n\t<meta name=\"twitter:data1\" content=\"1 minute\" \/>\n<script type=\"application\/ld+json\" class=\"yoast-schema-graph\">{\"@context\":\"https:\/\/schema.org\",\"@graph\":[{\"@type\":\"WebPage\",\"@id\":\"https:\/\/fspartners.ch\/fr\/a-propos\/\",\"url\":\"https:\/\/fspartners.ch\/fr\/a-propos\/\",\"name\":\"A Propos | FS Partners\",\"isPartOf\":{\"@id\":\"https:\/\/fspartners.ch\/fr\/#website\"},\"primaryImageOfPage\":{\"@id\":\"https:\/\/fspartners.ch\/fr\/a-propos\/#primaryimage\"},\"image\":{\"@id\":\"https:\/\/fspartners.ch\/fr\/a-propos\/#primaryimage\"},\"thumbnailUrl\":\"https:\/\/fspartners.ch\/wp-content\/uploads\/2025\/09\/DEF24_0029-1024x683.jpg\",\"datePublished\":\"2025-08-26T11:37:24+00:00\",\"dateModified\":\"2025-11-18T16:00:54+00:00\",\"description\":\"FS Partners \u2013 Swiss boutique for finance and interim management with CFO expertise and tailor-made solutions.\",\"breadcrumb\":{\"@id\":\"https:\/\/fspartners.ch\/fr\/a-propos\/#breadcrumb\"},\"inLanguage\":\"fr-FR\",\"potentialAction\":[{\"@type\":\"ReadAction\",\"target\":[\"https:\/\/fspartners.ch\/fr\/a-propos\/\"]}]},{\"@type\":\"ImageObject\",\"inLanguage\":\"fr-FR\",\"@id\":\"https:\/\/fspartners.ch\/fr\/a-propos\/#primaryimage\",\"url\":\"https:\/\/fspartners.ch\/wp-content\/uploads\/2025\/09\/DEF24_0029-1024x683.jpg\",\"contentUrl\":\"https:\/\/fspartners.ch\/wp-content\/uploads\/2025\/09\/DEF24_0029-1024x683.jpg\"},{\"@type\":\"BreadcrumbList\",\"@id\":\"https:\/\/fspartners.ch\/fr\/a-propos\/#breadcrumb\",\"itemListElement\":[{\"@type\":\"ListItem\",\"position\":1,\"name\":\"Startseite\",\"item\":\"https:\/\/fspartners.ch\/fr\/home\/\"},{\"@type\":\"ListItem\",\"position\":2,\"name\":\"A Propos\"}]},{\"@type\":\"WebSite\",\"@id\":\"https:\/\/fspartners.ch\/fr\/#website\",\"url\":\"https:\/\/fspartners.ch\/fr\/\",\"name\":\"FS Partners\",\"description\":\"\",\"publisher\":{\"@id\":\"https:\/\/fspartners.ch\/fr\/#organization\"},\"potentialAction\":[{\"@type\":\"SearchAction\",\"target\":{\"@type\":\"EntryPoint\",\"urlTemplate\":\"https:\/\/fspartners.ch\/fr\/?s={search_term_string}\"},\"query-input\":{\"@type\":\"PropertyValueSpecification\",\"valueRequired\":true,\"valueName\":\"search_term_string\"}}],\"inLanguage\":\"fr-FR\"},{\"@type\":\"Organization\",\"@id\":\"https:\/\/fspartners.ch\/fr\/#organization\",\"name\":\"FS Partners\",\"url\":\"https:\/\/fspartners.ch\/fr\/\",\"logo\":{\"@type\":\"ImageObject\",\"inLanguage\":\"fr-FR\",\"@id\":\"https:\/\/fspartners.ch\/fr\/#\/schema\/logo\/image\/\",\"url\":\"https:\/\/fspartners.ch\/wp-content\/uploads\/2025\/09\/FSP_Valtus_Logo_quer_blue_RGB-scaled.png\",\"contentUrl\":\"https:\/\/fspartners.ch\/wp-content\/uploads\/2025\/09\/FSP_Valtus_Logo_quer_blue_RGB-scaled.png\",\"width\":2560,\"height\":697,\"caption\":\"FS Partners\"},\"image\":{\"@id\":\"https:\/\/fspartners.ch\/fr\/#\/schema\/logo\/image\/\"},\"sameAs\":[\"https:\/\/www.linkedin.com\/company\/fs-partners-ag\"]}]}<\/script>\n<!-- \/ Yoast SEO plugin. -->","yoast_head_json":{"title":"A Propos | FS Partners","description":"FS Partners \u2013 Swiss boutique for finance and interim management with CFO expertise and tailor-made solutions.","robots":{"index":"index","follow":"follow","max-snippet":"max-snippet:-1","max-image-preview":"max-image-preview:large","max-video-preview":"max-video-preview:-1"},"canonical":"https:\/\/fspartners.ch\/fr\/a-propos\/","og_locale":"fr_FR","og_type":"article","og_title":"A Propos | FS Partners","og_description":"FS Partners \u2013 Swiss boutique for finance and interim management with CFO expertise and tailor-made solutions.","og_url":"https:\/\/fspartners.ch\/fr\/a-propos\/","og_site_name":"FS Partners","article_modified_time":"2025-11-18T16:00:54+00:00","og_image":[{"width":2560,"height":1706,"url":"https:\/\/fspartners.ch\/wp-content\/uploads\/2025\/09\/DEF24_0029-scaled.jpg","type":"image\/jpeg"}],"twitter_card":"summary_large_image","twitter_misc":{"Dur\u00e9e de lecture estim\u00e9e":"1 minute"},"schema":{"@context":"https:\/\/schema.org","@graph":[{"@type":"WebPage","@id":"https:\/\/fspartners.ch\/fr\/a-propos\/","url":"https:\/\/fspartners.ch\/fr\/a-propos\/","name":"A Propos | FS Partners","isPartOf":{"@id":"https:\/\/fspartners.ch\/fr\/#website"},"primaryImageOfPage":{"@id":"https:\/\/fspartners.ch\/fr\/a-propos\/#primaryimage"},"image":{"@id":"https:\/\/fspartners.ch\/fr\/a-propos\/#primaryimage"},"thumbnailUrl":"https:\/\/fspartners.ch\/wp-content\/uploads\/2025\/09\/DEF24_0029-1024x683.jpg","datePublished":"2025-08-26T11:37:24+00:00","dateModified":"2025-11-18T16:00:54+00:00","description":"FS Partners \u2013 Swiss boutique for finance and interim management with CFO expertise and tailor-made solutions.","breadcrumb":{"@id":"https:\/\/fspartners.ch\/fr\/a-propos\/#breadcrumb"},"inLanguage":"fr-FR","potentialAction":[{"@type":"ReadAction","target":["https:\/\/fspartners.ch\/fr\/a-propos\/"]}]},{"@type":"ImageObject","inLanguage":"fr-FR","@id":"https:\/\/fspartners.ch\/fr\/a-propos\/#primaryimage","url":"https:\/\/fspartners.ch\/wp-content\/uploads\/2025\/09\/DEF24_0029-1024x683.jpg","contentUrl":"https:\/\/fspartners.ch\/wp-content\/uploads\/2025\/09\/DEF24_0029-1024x683.jpg"},{"@type":"BreadcrumbList","@id":"https:\/\/fspartners.ch\/fr\/a-propos\/#breadcrumb","itemListElement":[{"@type":"ListItem","position":1,"name":"Startseite","item":"https:\/\/fspartners.ch\/fr\/home\/"},{"@type":"ListItem","position":2,"name":"A Propos"}]},{"@type":"WebSite","@id":"https:\/\/fspartners.ch\/fr\/#website","url":"https:\/\/fspartners.ch\/fr\/","name":"FS Partners","description":"","publisher":{"@id":"https:\/\/fspartners.ch\/fr\/#organization"},"potentialAction":[{"@type":"SearchAction","target":{"@type":"EntryPoint","urlTemplate":"https:\/\/fspartners.ch\/fr\/?s={search_term_string}"},"query-input":{"@type":"PropertyValueSpecification","valueRequired":true,"valueName":"search_term_string"}}],"inLanguage":"fr-FR"},{"@type":"Organization","@id":"https:\/\/fspartners.ch\/fr\/#organization","name":"FS Partners","url":"https:\/\/fspartners.ch\/fr\/","logo":{"@type":"ImageObject","inLanguage":"fr-FR","@id":"https:\/\/fspartners.ch\/fr\/#\/schema\/logo\/image\/","url":"https:\/\/fspartners.ch\/wp-content\/uploads\/2025\/09\/FSP_Valtus_Logo_quer_blue_RGB-scaled.png","contentUrl":"https:\/\/fspartners.ch\/wp-content\/uploads\/2025\/09\/FSP_Valtus_Logo_quer_blue_RGB-scaled.png","width":2560,"height":697,"caption":"FS Partners"},"image":{"@id":"https:\/\/fspartners.ch\/fr\/#\/schema\/logo\/image\/"},"sameAs":["https:\/\/www.linkedin.com\/company\/fs-partners-ag"]}]}},"_links":{"self":[{"href":"https:\/\/fspartners.ch\/fr\/wp-json\/wp\/v2\/pages\/1952","targetHints":{"allow":["GET"]}}],"collection":[{"href":"https:\/\/fspartners.ch\/fr\/wp-json\/wp\/v2\/pages"}],"about":[{"href":"https:\/\/fspartners.ch\/fr\/wp-json\/wp\/v2\/types\/page"}],"author":[{"embeddable":true,"href":"https:\/\/fspartners.ch\/fr\/wp-json\/wp\/v2\/users\/1"}],"replies":[{"embeddable":true,"href":"https:\/\/fspartners.ch\/fr\/wp-json\/wp\/v2\/comments?post=1952"}],"version-history":[{"count":3,"href":"https:\/\/fspartners.ch\/fr\/wp-json\/wp\/v2\/pages\/1952\/revisions"}],"predecessor-version":[{"id":2262,"href":"https:\/\/fspartners.ch\/fr\/wp-json\/wp\/v2\/pages\/1952\/revisions\/2262"}],"wp:attachment":[{"href":"https:\/\/fspartners.ch\/fr\/wp-json\/wp\/v2\/media?parent=1952"}],"curies":[{"name":"wp","href":"https:\/\/api.w.org\/{rel}","templated":true}]}}