{"id":2172,"date":"2025-09-02T08:57:08","date_gmt":"2025-09-02T08:57:08","guid":{"rendered":"https:\/\/fspartners.ch\/mentions-legales\/"},"modified":"2025-11-12T08:58:22","modified_gmt":"2025-11-12T08:58:22","slug":"mentions-legales","status":"publish","type":"page","link":"https:\/\/fspartners.ch\/fr\/mentions-legales\/","title":{"rendered":"Mentions l\u00e9gales"},"content":{"rendered":"\t\t<div data-elementor-type=\"wp-page\" data-elementor-id=\"2172\" class=\"elementor elementor-2172 elementor-1220\" data-elementor-post-type=\"page\">\n\t\t\t\t<div class=\"elementor-element elementor-element-4b244b7 e-flex e-con-boxed e-con e-parent\" data-id=\"4b244b7\" data-element_type=\"container\" data-e-type=\"container\">\n\t\t\t\t\t<div class=\"e-con-inner\">\n\t\t\t\t<div class=\"elementor-element elementor-element-707ff58 elementor-widget elementor-widget-heading\" data-id=\"707ff58\" data-element_type=\"widget\" data-e-type=\"widget\" data-widget_type=\"heading.default\">\n\t\t\t\t\t<h1 class=\"elementor-heading-title elementor-size-default\">Mentions l\u00e9gales<\/h1>\t\t\t\t<\/div>\n\t\t\t\t<div class=\"elementor-element elementor-element-d08f74a elementor-widget elementor-widget-text-editor\" data-id=\"d08f74a\" data-element_type=\"widget\" data-e-type=\"widget\" data-widget_type=\"text-editor.default\">\n\t\t\t\t\t\t\t\t\t<p><strong>FS Partners AG<\/strong><br>Sch\u00fctzenstrasse 380<br>9100 Herisau<br>Suisse<br><\/p><p><a href=\"tel:+41713512155\">+41 71 351 21 55<\/a><br><a href=\"mailto:simon.frei@fspartners.ch\">simon.frei@fspartners.ch<\/a><\/p><p>FS Partners AG est inscrite au registre du commerce du canton d\u2019Appenzell (CHE-114.735.172) et est soumise \u00e0 la TVA suisse (CHE-114.735.172 TVA).<\/p><p>Le directeur g\u00e9n\u00e9ral autoris\u00e9 \u00e0 repr\u00e9senter la soci\u00e9t\u00e9 est Simon Frei<\/p>\t\t\t\t\t\t\t\t<\/div>\n\t\t\t\t\t<\/div>\n\t\t\t\t<\/div>\n\t\t\t\t<\/div>\n\t\t","protected":false},"excerpt":{"rendered":"<p>Mentions l\u00e9gales FS Partners AGSch\u00fctzenstrasse 3809100 HerisauSuisse +41 71 351 21 55simon.frei@fspartners.ch FS Partners AG est inscrite au registre du commerce du canton d\u2019Appenzell (CHE-114.735.172) et est soumise \u00e0 la TVA suisse (CHE-114.735.172 TVA). Le directeur g\u00e9n\u00e9ral autoris\u00e9 \u00e0 repr\u00e9senter la soci\u00e9t\u00e9 est Simon Frei<\/p>\n","protected":false},"author":1,"featured_media":0,"parent":0,"menu_order":0,"comment_status":"closed","ping_status":"closed","template":"","meta":{"_acf_changed":false,"footnotes":""},"class_list":["post-2172","page","type-page","status-publish","hentry"],"acf":[],"yoast_head":"<!-- This site is optimized with the Yoast SEO plugin v27.2 - https:\/\/yoast.com\/product\/yoast-seo-wordpress\/ -->\n<title>Mentions l\u00e9gales | FS Partners<\/title>\n<meta name=\"robots\" content=\"index, follow, max-snippet:-1, max-image-preview:large, max-video-preview:-1\" \/>\n<link rel=\"canonical\" href=\"https:\/\/fspartners.ch\/fr\/mentions-legales\/\" \/>\n<meta property=\"og:locale\" content=\"fr_FR\" \/>\n<meta property=\"og:type\" content=\"article\" \/>\n<meta property=\"og:title\" content=\"Mentions l\u00e9gales | FS Partners\" \/>\n<meta property=\"og:description\" content=\"Mentions l\u00e9gales FS Partners AGSch\u00fctzenstrasse 3809100 HerisauSuisse +41 71 351 21 55simon.frei@fspartners.ch FS Partners AG est inscrite au registre du commerce du canton d\u2019Appenzell (CHE-114.735.172) et est soumise \u00e0 la TVA suisse (CHE-114.735.172 TVA). Le directeur g\u00e9n\u00e9ral autoris\u00e9 \u00e0 repr\u00e9senter la soci\u00e9t\u00e9 est Simon Frei\" \/>\n<meta property=\"og:url\" content=\"https:\/\/fspartners.ch\/fr\/mentions-legales\/\" \/>\n<meta property=\"og:site_name\" content=\"FS Partners\" \/>\n<meta property=\"article:modified_time\" content=\"2025-11-12T08:58:22+00:00\" \/>\n<meta name=\"twitter:card\" content=\"summary_large_image\" \/>\n<script type=\"application\/ld+json\" class=\"yoast-schema-graph\">{\"@context\":\"https:\/\/schema.org\",\"@graph\":[{\"@type\":\"WebPage\",\"@id\":\"https:\/\/fspartners.ch\/fr\/mentions-legales\/\",\"url\":\"https:\/\/fspartners.ch\/fr\/mentions-legales\/\",\"name\":\"Mentions l\u00e9gales | FS Partners\",\"isPartOf\":{\"@id\":\"https:\/\/fspartners.ch\/fr\/#website\"},\"datePublished\":\"2025-09-02T08:57:08+00:00\",\"dateModified\":\"2025-11-12T08:58:22+00:00\",\"breadcrumb\":{\"@id\":\"https:\/\/fspartners.ch\/fr\/mentions-legales\/#breadcrumb\"},\"inLanguage\":\"fr-FR\",\"potentialAction\":[{\"@type\":\"ReadAction\",\"target\":[\"https:\/\/fspartners.ch\/fr\/mentions-legales\/\"]}]},{\"@type\":\"BreadcrumbList\",\"@id\":\"https:\/\/fspartners.ch\/fr\/mentions-legales\/#breadcrumb\",\"itemListElement\":[{\"@type\":\"ListItem\",\"position\":1,\"name\":\"Startseite\",\"item\":\"https:\/\/fspartners.ch\/fr\/home\/\"},{\"@type\":\"ListItem\",\"position\":2,\"name\":\"Mentions l\u00e9gales\"}]},{\"@type\":\"WebSite\",\"@id\":\"https:\/\/fspartners.ch\/fr\/#website\",\"url\":\"https:\/\/fspartners.ch\/fr\/\",\"name\":\"FS Partners\",\"description\":\"\",\"publisher\":{\"@id\":\"https:\/\/fspartners.ch\/fr\/#organization\"},\"potentialAction\":[{\"@type\":\"SearchAction\",\"target\":{\"@type\":\"EntryPoint\",\"urlTemplate\":\"https:\/\/fspartners.ch\/fr\/?s={search_term_string}\"},\"query-input\":{\"@type\":\"PropertyValueSpecification\",\"valueRequired\":true,\"valueName\":\"search_term_string\"}}],\"inLanguage\":\"fr-FR\"},{\"@type\":\"Organization\",\"@id\":\"https:\/\/fspartners.ch\/fr\/#organization\",\"name\":\"FS Partners\",\"url\":\"https:\/\/fspartners.ch\/fr\/\",\"logo\":{\"@type\":\"ImageObject\",\"inLanguage\":\"fr-FR\",\"@id\":\"https:\/\/fspartners.ch\/fr\/#\/schema\/logo\/image\/\",\"url\":\"https:\/\/fspartners.ch\/wp-content\/uploads\/2025\/09\/FSP_Valtus_Logo_quer_blue_RGB-scaled.png\",\"contentUrl\":\"https:\/\/fspartners.ch\/wp-content\/uploads\/2025\/09\/FSP_Valtus_Logo_quer_blue_RGB-scaled.png\",\"width\":2560,\"height\":697,\"caption\":\"FS Partners\"},\"image\":{\"@id\":\"https:\/\/fspartners.ch\/fr\/#\/schema\/logo\/image\/\"},\"sameAs\":[\"https:\/\/www.linkedin.com\/company\/fs-partners-ag\"]}]}<\/script>\n<!-- \/ Yoast SEO plugin. -->","yoast_head_json":{"title":"Mentions l\u00e9gales | FS Partners","robots":{"index":"index","follow":"follow","max-snippet":"max-snippet:-1","max-image-preview":"max-image-preview:large","max-video-preview":"max-video-preview:-1"},"canonical":"https:\/\/fspartners.ch\/fr\/mentions-legales\/","og_locale":"fr_FR","og_type":"article","og_title":"Mentions l\u00e9gales | FS Partners","og_description":"Mentions l\u00e9gales FS Partners AGSch\u00fctzenstrasse 3809100 HerisauSuisse +41 71 351 21 55simon.frei@fspartners.ch FS Partners AG est inscrite au registre du commerce du canton d\u2019Appenzell (CHE-114.735.172) et est soumise \u00e0 la TVA suisse (CHE-114.735.172 TVA). Le directeur g\u00e9n\u00e9ral autoris\u00e9 \u00e0 repr\u00e9senter la soci\u00e9t\u00e9 est Simon Frei","og_url":"https:\/\/fspartners.ch\/fr\/mentions-legales\/","og_site_name":"FS Partners","article_modified_time":"2025-11-12T08:58:22+00:00","twitter_card":"summary_large_image","schema":{"@context":"https:\/\/schema.org","@graph":[{"@type":"WebPage","@id":"https:\/\/fspartners.ch\/fr\/mentions-legales\/","url":"https:\/\/fspartners.ch\/fr\/mentions-legales\/","name":"Mentions l\u00e9gales | FS Partners","isPartOf":{"@id":"https:\/\/fspartners.ch\/fr\/#website"},"datePublished":"2025-09-02T08:57:08+00:00","dateModified":"2025-11-12T08:58:22+00:00","breadcrumb":{"@id":"https:\/\/fspartners.ch\/fr\/mentions-legales\/#breadcrumb"},"inLanguage":"fr-FR","potentialAction":[{"@type":"ReadAction","target":["https:\/\/fspartners.ch\/fr\/mentions-legales\/"]}]},{"@type":"BreadcrumbList","@id":"https:\/\/fspartners.ch\/fr\/mentions-legales\/#breadcrumb","itemListElement":[{"@type":"ListItem","position":1,"name":"Startseite","item":"https:\/\/fspartners.ch\/fr\/home\/"},{"@type":"ListItem","position":2,"name":"Mentions l\u00e9gales"}]},{"@type":"WebSite","@id":"https:\/\/fspartners.ch\/fr\/#website","url":"https:\/\/fspartners.ch\/fr\/","name":"FS Partners","description":"","publisher":{"@id":"https:\/\/fspartners.ch\/fr\/#organization"},"potentialAction":[{"@type":"SearchAction","target":{"@type":"EntryPoint","urlTemplate":"https:\/\/fspartners.ch\/fr\/?s={search_term_string}"},"query-input":{"@type":"PropertyValueSpecification","valueRequired":true,"valueName":"search_term_string"}}],"inLanguage":"fr-FR"},{"@type":"Organization","@id":"https:\/\/fspartners.ch\/fr\/#organization","name":"FS Partners","url":"https:\/\/fspartners.ch\/fr\/","logo":{"@type":"ImageObject","inLanguage":"fr-FR","@id":"https:\/\/fspartners.ch\/fr\/#\/schema\/logo\/image\/","url":"https:\/\/fspartners.ch\/wp-content\/uploads\/2025\/09\/FSP_Valtus_Logo_quer_blue_RGB-scaled.png","contentUrl":"https:\/\/fspartners.ch\/wp-content\/uploads\/2025\/09\/FSP_Valtus_Logo_quer_blue_RGB-scaled.png","width":2560,"height":697,"caption":"FS Partners"},"image":{"@id":"https:\/\/fspartners.ch\/fr\/#\/schema\/logo\/image\/"},"sameAs":["https:\/\/www.linkedin.com\/company\/fs-partners-ag"]}]}},"_links":{"self":[{"href":"https:\/\/fspartners.ch\/fr\/wp-json\/wp\/v2\/pages\/2172","targetHints":{"allow":["GET"]}}],"collection":[{"href":"https:\/\/fspartners.ch\/fr\/wp-json\/wp\/v2\/pages"}],"about":[{"href":"https:\/\/fspartners.ch\/fr\/wp-json\/wp\/v2\/types\/page"}],"author":[{"embeddable":true,"href":"https:\/\/fspartners.ch\/fr\/wp-json\/wp\/v2\/users\/1"}],"replies":[{"embeddable":true,"href":"https:\/\/fspartners.ch\/fr\/wp-json\/wp\/v2\/comments?post=2172"}],"version-history":[{"count":1,"href":"https:\/\/fspartners.ch\/fr\/wp-json\/wp\/v2\/pages\/2172\/revisions"}],"predecessor-version":[{"id":2173,"href":"https:\/\/fspartners.ch\/fr\/wp-json\/wp\/v2\/pages\/2172\/revisions\/2173"}],"wp:attachment":[{"href":"https:\/\/fspartners.ch\/fr\/wp-json\/wp\/v2\/media?parent=2172"}],"curies":[{"name":"wp","href":"https:\/\/api.w.org\/{rel}","templated":true}]}}